{"id":3838,"date":"2021-01-08T22:53:24","date_gmt":"2021-01-08T22:53:24","guid":{"rendered":"https:\/\/multirental.com.pt\/?page_id=3838"},"modified":"2021-01-08T22:54:42","modified_gmt":"2021-01-08T22:54:42","slug":"termos-e-condicoes","status":"publish","type":"page","link":"https:\/\/multirental.com.pt\/pt\/termos-e-condicoes\/","title":{"rendered":"Termos e Condi\u00e7\u00f5es"},"content":{"rendered":"<div data-elementor-type=\"wp-page\" data-elementor-id=\"3838\" class=\"elementor elementor-3838\">\n\t\t\t\t\t\t<section class=\"elementor-section elementor-top-section elementor-element elementor-element-6cacf47 elementor-section-full_width elementor-section-stretched elementor-section-height-default elementor-section-height-default\" data-id=\"6cacf47\" data-element_type=\"section\" data-settings=\"{&quot;stretch_section&quot;:&quot;section-stretched&quot;}\">\n\t\t\t\t\t\t<div class=\"elementor-container elementor-column-gap-default\">\n\t\t\t\t\t<div class=\"elementor-column elementor-col-16 elementor-top-column elementor-element elementor-element-298b9d8\" data-id=\"298b9d8\" data-element_type=\"column\">\n\t\t\t<div class=\"elementor-widget-wrap\">\n\t\t\t\t\t\t\t<\/div>\n\t\t<\/div>\n\t\t\t\t<div class=\"elementor-column elementor-col-66 elementor-top-column elementor-element elementor-element-2e4f48d\" data-id=\"2e4f48d\" data-element_type=\"column\">\n\t\t\t<div class=\"elementor-widget-wrap elementor-element-populated\">\n\t\t\t\t\t\t<div class=\"elementor-element elementor-element-4e40628 elementor-widget elementor-widget-text-editor\" data-id=\"4e40628\" data-element_type=\"widget\" data-widget_type=\"text-editor.default\">\n\t\t\t\t<div class=\"elementor-widget-container\">\n\t\t\t\t\t\t\t\t\t<h3>CONDI\u00c7\u00d5ES DO CONTRATO DE ALUGUER<\/h3><p>Multi Servi\u00e7os Ramos G. R. Lda. d e agora em diante designada por \u201calugador\u201d aluga ao cliente o ve\u00edculo conforme especifica\u00e7\u00f5es na frente deste contrato de aluguer. Ao assinar o contrato de aluguer, o cliente declara tomar conhecimento e concordar com as condi\u00e7\u00f5es a seguir enunciadas, as quais se obriga a respeitar.<\/p><p>1\u00ba ALUGUER<br \/>a) O valor a liquidar pelo cliente, ser\u00e1 segundo a tarifa p\u00fablica em vigor ou acordos pr\u00e9 estabelecidos.<br \/>b) A n\u00e3o restitui\u00e7\u00e3o do veiculo na hora, data e local previstos, ser\u00e1 de imediato comunicado \u00e1s autoridades competentes o desaparecimento do mesmo e ser\u00e1 cancelado o respectivo seguro.<br \/>c) O pagamento \u00e9 efectuado antecipadamente pelo cliente ou sempre que o mesmo lhe seja solicitado pelo alugador.<br \/>d) No que respeita a prolongamentos ao aluguer dever\u00e1 ser de acordo entre o alugador e o locat\u00e1rio, com o aviso pr\u00e9vio de 24 horas e o respectivo pagamento.<br \/>e) Em caso de viola\u00e7\u00e3o do conta-quil\u00f3metros o alugador fica desde j\u00e1 autorizado a debitar ao cliente um valor extra.<br \/>f) O aluguer exclui: multas de condutor, ou mesmo do ve\u00edculo quando as mesmas s\u00e3o devidas por faltas imputadas \u00e1 m\u00e1 utiliza\u00e7\u00e3o do ve\u00edculo, lavagens, parqueamentos, e todas as despesas judiciais ou extra judiciais decorrentes do desrespeito pelas normas de utiliza\u00e7\u00e3o do ve\u00edculo ou infrac\u00e7\u00e3o ao c\u00f3digo da estrada.<br \/>g) A Multi n\u00e3o efetua reembolso de combust\u00edvel.<br \/>h) O cliente autoriza que seja debitado no cart\u00e3o de cr\u00e9dito o valor cau\u00e7\u00e3o para efeitos de falta de combust\u00edvel, portagens e\/ou danos.<br \/>i) Se o ve\u00edculo alugado for devolvido antes da data e hora final mencionada no contrato de aluguer, o cliente n\u00e3o ser\u00e1 ressarcido de qualquer valor monet\u00e1rio que tenha sido pago na celebra\u00e7\u00e3o do mesmo.<\/p><p>2\u00ba ENTREGA E RECOLHA<br \/>a) O cliente reconhece o bom estado de funcionamento da viatura e que lhe foi entregue com os acess\u00f3rios inerentes e demais documentos conforme indicado na frente deste contrato.<br \/>b) O cliente compromete se a devolver o ve\u00edculo no local, data e hora acordados bem como todos os acess\u00f3rios e documentos do mesmo.<br \/>c) O cliente ao desrespeitar a al\u00ednea anterior fica sujeitos \u00e1s taxas e san\u00e7\u00f5es estipuladas pelo alugador, sob pena de as liquidar no acto da recolha do veiculo. d) A recolha do veiculo em local n\u00e3o acordado, ou abandono do mesmo, ficar\u00e3o sujeitos \u00e1 taxa estipulada pelo alugador.<\/p><p>3.\u00ba CONDI\u00c7\u00d5ES DE UTILIZA\u00c7\u00c3O<br \/>a) O cliente obriga-se a, fora dos per\u00edodos de utiliza\u00e7\u00e3o ter o veiculo devidamente fechado e trancado e n\u00e3o deixar no mesmo os documentos e as chaves a ele respeitantes sem preju\u00edzo de qualquer forma ser dele portador.<br \/>b) O cliente \u00e9 respons\u00e1vel pela normal conserva\u00e7\u00e3o do veiculo bem como demais acess\u00f3rios e seus documentos.<br \/>c) o alugador ser\u00e1 respons\u00e1vel pelas falhas mec\u00e2nicas do veiculo, desde que todas as precau\u00e7\u00f5es e esfor\u00e7os sejam entregues pelo cliente para as evitar. Na ocorr\u00eancia das mesmas dever\u00e1 o cliente avisar o alugador.<br \/>d) O ve\u00edculo n\u00e3o pode ser utilizado para: \u2013 Transporte de mercadorias (salvo se o mesmo for especifico para tal) \u2013 Pr\u00e1ticas ilegais, incluindo viola\u00e7\u00e3o das leis vigentes \u2013 Empurrar ou rebocar qualquer veiculo ou reboque \u2013 Transporte de passageiros ou bens a troca de remunera\u00e7\u00e3o \u2013 Em competi\u00e7\u00f5es desportivas \u2013 Por qualquer pessoa que esteja sob o efeito de drogas, medicamento e de \u00e1lcool. \u2013 Por condutores com idade inferior a 23 anos, portadores da carta de condu\u00e7\u00e3o h\u00e1 menos de 2 anos. \u2013 Por toda e qualquer pessoa que n\u00e3o seja o cliente ou condutores adicionais n\u00e3o autorizados pelo alugador.<br \/>e) O cliente ser\u00e1 pessoalmente respons\u00e1vel pela conduta e poss\u00edveis danos causados pelos condutores adicionais.<\/p><p>4\u00ba SEGUROS<br \/>a) Os pre\u00e7os incluem o seguro de responsabilidade civil ilimitada v\u00e1lido em Portugal conforme condi\u00e7\u00f5es gerais da ap\u00f3lice de seguro autom\u00f3vel sendo no entanto da responsabilidade do cliente os preju\u00edzos causados no veiculo.<br \/>b) Franquia \u00e9 aplic\u00e1vel para os danos ocorridos na viatura alugada at\u00e9 ao valor estipulado e\/ou acordado, sendo a responsabilidade do cliente.<br \/>c) Seguro de ocupantes do veiculo para despesas m\u00e9dicas e morte ou invalidez permanente em caso de acidente poder\u00e1 ser estabelecido de acordo com condi\u00e7\u00f5es especificas da respectiva ap\u00f3lice.<br \/>d) O alugador declina toda e qualquer responsabilidade por danos causados no veiculo e a terceiros durante o per\u00edodo de aluguer se o cliente deliberadamente tiver fornecido ao alugador informa\u00e7\u00f5es falsas, designadamente relativas \u00e1 sua identidade, morada ou carta de condu\u00e7\u00e3o\u201d, N\u00e3o haver\u00e1 seguro v\u00e1lido para estes casos\u201d<br \/>e) Os seguros s\u00f3 s\u00e3o v\u00e1lidos para Portugal. Poder\u00e1 o cliente solicitar ao alugador autoriza\u00e7\u00e3o para sair do territ\u00f3rio nacional para a qual ser\u00e1 devida uma taxa de assist\u00eancia<br \/>f) A inobserv\u00e2ncia das condi\u00e7\u00f5es de utiliza\u00e7\u00e3o expostas no par\u00e1grafo n.\u00ba3, implica a anula\u00e7\u00e3o total das coberturas, sendo as despesas inerentes suportadas pelo cliente.<br \/>g) O alugador declina toda e qualquer responsabilidade por perdas, furtos ou danos a bens do cliente ou de outrem, transportados e\/ou guardados no veiculo.<br \/>h) O seguro inclu\u00eddo n\u00e3o cobre os danos causados em pneus, vidros, fechaduras ou perda de chaves bem como acidentes resultantes de excesso de \u00e1lcool ou drogas.<\/p><p>5\u00ba ACIDENTES<br \/>a) O cliente concorda em proteger os interesses do alugador e da companhia de seguros do alugador em caso de acidente durante o per\u00edodo de aluguer: \u2013 A Multi n\u00e3o se responsabiliza por acidentes n\u00e3o reportados \u00e0 pol\u00edcia. \u2013 N\u00e3o mover ou deixar mover o ve\u00edculo ap\u00f3s o acidente, sem que tenham sido recolhidos todos os elementos necess\u00e1rios. \u2013 N\u00e3o abandonar o ve\u00edculo sem tomar as devidas precau\u00e7\u00f5es para protec\u00e7\u00e3o do mesmo. \u2013 N\u00e3o admitir culpa ou responsabilidade do mesmo. \u2013 Anotar a identifica\u00e7\u00e3o completa dos intervenientes, elementos de seguros, moradas, bem como das testemunhas. \u2013 Preencher o formul\u00e1rio de participa\u00e7\u00e3o de acidentes, bem como cooperar com o alugador.<br \/>b) Quando o ve\u00edculo \u00e9 devolvido com danos e que seja necess\u00e1rio uma repara\u00e7\u00e3o, o cliente \u00e9 respons\u00e1vel por uma taxa de paralisa\u00e7\u00e3o do mesmo.<\/p><p>6\u00ba PROTEC\u00c7\u00c3O DE DADOS RGPD Os dados pessoais recolhidos neste contrato s\u00e3o sob o consentimento do cliente, e cumpre os requisitos das normas previstas no Regulamento Geral de Prote\u00e7\u00e3o de Dados Pessoais(RGPD) (EU)2016\/679 do Parlamento Europeu e do Conselho de 27 de Abril de 2016.<\/p><p>Toda e quaisquer altera\u00e7\u00f5es aos termos do contrato de aluguer que n\u00e3o tenham sido acordados por escrito ser\u00e3o nulas e sem qualquer efeito. A lei aplic\u00e1vel ser\u00e1 a portuguesa e o foro da comarca de Lagos.<\/p>\t\t\t\t\t\t\t\t<\/div>\n\t\t\t\t<\/div>\n\t\t\t\t\t<\/div>\n\t\t<\/div>\n\t\t\t\t<div class=\"elementor-column elementor-col-16 elementor-top-column elementor-element elementor-element-23218e4\" data-id=\"23218e4\" data-element_type=\"column\">\n\t\t\t<div class=\"elementor-widget-wrap\">\n\t\t\t\t\t\t\t<\/div>\n\t\t<\/div>\n\t\t\t\t\t<\/div>\n\t\t<\/section>\n\t\t\t\t<\/div>","protected":false},"excerpt":{"rendered":"<p>CONDI\u00c7\u00d5ES DO CONTRATO DE ALUGUER Multi Servi\u00e7os Ramos G. R. Lda. d e agora em diante designada por \u201calugador\u201d aluga ao cliente o ve\u00edculo conforme especifica\u00e7\u00f5es na frente deste contrato de aluguer. Ao assinar o contrato de aluguer, o cliente declara tomar conhecimento e concordar com as condi\u00e7\u00f5es a seguir enunciadas, as quais se obriga [&hellip;]<\/p>","protected":false},"author":1,"featured_media":0,"parent":0,"menu_order":0,"comment_status":"closed","ping_status":"closed","template":"","meta":{"_joinchat":[],"footnotes":""},"class_list":["post-3838","page","type-page","status-publish","hentry","wpbf-post"],"_links":{"self":[{"href":"https:\/\/multirental.com.pt\/pt\/wp-json\/wp\/v2\/pages\/3838","targetHints":{"allow":["GET"]}}],"collection":[{"href":"https:\/\/multirental.com.pt\/pt\/wp-json\/wp\/v2\/pages"}],"about":[{"href":"https:\/\/multirental.com.pt\/pt\/wp-json\/wp\/v2\/types\/page"}],"author":[{"embeddable":true,"href":"https:\/\/multirental.com.pt\/pt\/wp-json\/wp\/v2\/users\/1"}],"replies":[{"embeddable":true,"href":"https:\/\/multirental.com.pt\/pt\/wp-json\/wp\/v2\/comments?post=3838"}],"version-history":[{"count":0,"href":"https:\/\/multirental.com.pt\/pt\/wp-json\/wp\/v2\/pages\/3838\/revisions"}],"wp:attachment":[{"href":"https:\/\/multirental.com.pt\/pt\/wp-json\/wp\/v2\/media?parent=3838"}],"curies":[{"name":"wp","href":"https:\/\/api.w.org\/{rel}","templated":true}]}}