{"id":3806,"date":"2021-01-08T22:15:42","date_gmt":"2021-01-08T22:15:42","guid":{"rendered":"https:\/\/multirental.com.pt\/?page_id=3806"},"modified":"2021-01-08T22:54:19","modified_gmt":"2021-01-08T22:54:19","slug":"politica-de-privacidade","status":"publish","type":"page","link":"https:\/\/multirental.com.pt\/pt\/politica-de-privacidade\/","title":{"rendered":"Politica de Privacidade"},"content":{"rendered":"<div data-elementor-type=\"wp-page\" data-elementor-id=\"3806\" class=\"elementor elementor-3806\">\n\t\t\t\t\t\t<section class=\"elementor-section elementor-top-section elementor-element elementor-element-2b7aee3 elementor-section-full_width elementor-section-stretched elementor-section-height-default elementor-section-height-default\" data-id=\"2b7aee3\" data-element_type=\"section\" data-settings=\"{&quot;stretch_section&quot;:&quot;section-stretched&quot;}\">\n\t\t\t\t\t\t<div class=\"elementor-container elementor-column-gap-default\">\n\t\t\t\t\t<div class=\"elementor-column elementor-col-16 elementor-top-column elementor-element elementor-element-5e37d9a\" data-id=\"5e37d9a\" data-element_type=\"column\">\n\t\t\t<div class=\"elementor-widget-wrap\">\n\t\t\t\t\t\t\t<\/div>\n\t\t<\/div>\n\t\t\t\t<div class=\"elementor-column elementor-col-66 elementor-top-column elementor-element elementor-element-e6fac52\" data-id=\"e6fac52\" data-element_type=\"column\">\n\t\t\t<div class=\"elementor-widget-wrap elementor-element-populated\">\n\t\t\t\t\t\t<div class=\"elementor-element elementor-element-cec5550 elementor-widget elementor-widget-text-editor\" data-id=\"cec5550\" data-element_type=\"widget\" data-widget_type=\"text-editor.default\">\n\t\t\t\t<div class=\"elementor-widget-container\">\n\t\t\t\t\t\t\t\t\t<h3 class=\"p1\"><span class=\"s1\">NOVO REGULAMENTO GERAL DE PROTEC\u00c7\u00c3O DE DADOS (RGPD)<br \/><\/span>(Regulamento n.\u00ba 2016\/679 e do Conselho, de 27 de Abril de 2016)<\/h3><p class=\"p1\"><span class=\"s1\">Comunica\u00e7\u00e3o aos Clientes Particulares e Clientes Empresariais<\/span><\/p><p class=\"p1\"><span class=\"s1\">A aplica\u00e7\u00e3o do Novo Regulamento Geral de Protec\u00e7\u00e3o de Dados que teve in\u00edcio no dia 25 de Abril de 2018, estabelece regras quanto \u00e0 protec\u00e7\u00e3o, tratamento e livre circula\u00e7\u00e3o dos dados pessoais das pessoas singulares, sendo directamente aplic\u00e1vel a todas as entidades que procedam ao tratamento desses dados, em qualquer Estado Membro da Uni\u00e3o Europeia, de que Portugal \u00e9 membro.<\/span><\/p><p class=\"p1\"><span class=\"s1\">A comunica\u00e7\u00e3o da informa\u00e7\u00e3o para Clientes Particulares aplicar-se-\u00e0, com as devidas adapta\u00e7\u00f5es, aos utilizadores dos servi\u00e7os, administradores de contas, representantes e empres\u00e1rios em nome individual.<\/span><\/p><p class=\"p1\"><span class=\"s1\">A\u00a0<b>Multi Servi\u00e7os Ramos G.R. Lda,\u00a0<\/b>com sede em Rua D. Jo\u00e3o Xavier, 6 em Lagos, NIPC 502 912 901, designada pela marca<b>\u00a0MULTI \u2013 rent a car, Aluguer de Veiculos de Passageiros e Veiculos Comerciais,<\/b>\u00a0cumpre a Legisla\u00e7\u00e3o de protec\u00e7\u00e3o de dados em vigor, inclusivamente, as disposi\u00e7\u00f5es inclusas no RGPD, mediante rigoroso processo de gest\u00e3o de dados, no respeito pelas medidas t\u00e9cnicas e organizativas adequadas e limitadas ao que \u00e9 necess\u00e1rio relativamente \u00e0s finalidades para as quais s\u00e3o tratados.<\/span><\/p><p class=\"p1\"><span class=\"s1\">Uma vez que solicitamos informa\u00e7\u00e3o sens\u00edvel, nomeamos um encarregado pela Prote\u00e7\u00e3o de dados, a Sr\u00aa Maria Santos, com o email\u00a0<a href=\"mailto:mariasantos@multiservicos.com\"><span class=\"s2\">mariasantos@multiservicos.com<\/span><\/a>\u00a0ou pelo telefone 91 9 97 32 01, que ser\u00e1 o seu contacto para qualquer assunto ligado \u00e1 Prote\u00e7\u00e3o de dados.<\/span><\/p><p class=\"p1\"><span class=\"s1\">Na Multi<b>\u00a0Servi\u00e7os Ramos G.R. Lda<\/b>\u00a0garantimos o tratamento l\u00edcito, leal e transparente dos seus dados.<\/span><\/p><p class=\"p1\"><span class=\"s1\">O processamento dos dados \u00e9 efectuado com toda a privacidade, confidencialidade e seguran\u00e7a. A sua confian\u00e7a na protec\u00e7\u00e3o dos seus dados pessoais faz parte dos nossos principais objectivos e \u00e9 uma das nossas mais importantes responsabilidades.<\/span><\/p><p class=\"p1\"><span class=\"s1\">Em conformidade com o RGPD, \u00e9 necess\u00e1rio rever o seu consentimento. Os nossos registos incluem dados que foram obtidos ao longo da rela\u00e7\u00e3o contratual que estabeleceu com a<b>\u00a0Multi Servi\u00e7os Ramos G.R. Lda<\/b><\/span><\/p><p class=\"p1\"><span class=\"s1\">Assim, para o tratamento de dados pessoais, no \u00e2mbito do RGPD, a\u00a0<b>Multi Servi\u00e7os Ramos G.R. Lda<\/b>\u00a0procede \u00e0 seguinte comunica\u00e7\u00e3o:<\/span><\/p><p class=\"p1\"><span class=\"s1\">1- O Cliente\/Alugador fornece no in\u00edcio do Contrato de aluguer de viaturas os seus dados pessoais e os do(s) condutores do ve\u00edculo, para efeitos de identifica\u00e7\u00e3o no \u00e2mbito do mesmo, autorizando expressamente a\u00a0<b>Multi Servi\u00e7os Ramos G.R. Lda<\/b>\u00a0a proceder ao seu tratamento inform\u00e1tico.<\/span><\/p><p class=\"p1\"><span class=\"s1\">2- O Cliente\/Alugador \u00e9 respons\u00e1vel pelo fornecimento \u00e0<b>\u00a0Multi Servi\u00e7os Ramos G.R. Lda<\/b><span class=\"Apple-converted-space\">\u00a0\u00a0<\/span>de dados actuais e exactos.<\/span><\/p><p class=\"p1\"><span class=\"s1\">3- Nos termos do RGPD, a\u00a0<b>Multi Servi\u00e7os Ramos G.R. Lda<\/b>\u00a0informa o seguinte:<\/span><\/p><p class=\"p1\"><span class=\"s1\">a) a\u00a0<b>Multi Servi\u00e7os Ramos G.R. Lda<\/b>\u00a0\u00e9 a entidade respons\u00e1vel pelo tratamento dos dados pessoais fornecidos no \u00e2mbito do contrato, cuja sede \u00e9 em Rua D. Jo\u00e3o Xavier, 6 8600-574 Lagos; o Cliente\/Alugador pode contactar a\u00a0<b>Multi Servi\u00e7os Ramos G.R. Lda<\/b>\u00a0para qualquer quest\u00e3o relacionada com protec\u00e7\u00e3o de dados pessoais, bem como para o exerc\u00edcio dos direitos referentes aos seus dados pessoais, mediante comunica\u00e7\u00e3o por escrito para o endere\u00e7o de correio eletr\u00f3nico\u00a0<a href=\"mailto:info@multiportugal.com\"><span class=\"s2\">info@multiportugal.com<\/span><\/a>\u00a0ou para atrav\u00e9s do site www.multi-services.com, ou por correio postal para a morada Rua D. Jo\u00e3o Xavier, 6 8600-574 Lagos.<\/span><\/p><p class=\"p1\"><span class=\"s1\">b) Nos termos da al\u00ednea b) do n.\u00ba 1 do artigo 6.\u00ba do RGPD, o tratamento dos dados pessoais tem como finalidade a celebra\u00e7\u00e3o e execu\u00e7\u00e3o dos contratos de aluguer.<\/span><\/p><p class=\"p1\"><span class=\"s1\">c) Nos termos da al\u00ednea c) do n.\u00ba 1 do artigo 6.\u00ba do RGPD, os dados pessoais podem ser transmitidos a terceiros sempre que seja necess\u00e1rio garantir o cumprimento de quaisquer obriga\u00e7\u00f5es legais a que a\u00a0<b>Multi Servi\u00e7os Ramos G.R. Lda<\/b>\u00a0se encontre sujeita, nomeadamente, a autoridades judiciais, org\u00e3os de pol\u00edcia criminal, autoridade tribut\u00e1ria e aduaneira e entidades reguladoras;<\/span><\/p><p class=\"p1\"><span class=\"s1\">d) Os dados pessoais s\u00f3 podem ser tratados para outras finalidades, sempre que o titular tenha dado consentimento expresso \u00e0<b>\u00a0Multi Servi\u00e7os Ramos G.R. Lda<\/b>;<\/span><\/p><p class=\"p1\"><span class=\"s1\">e) A\u00a0<b>Multi Servi\u00e7os Ramos G.R. Lda<\/b>\u00a0conservar\u00e1 os dados pessoais tratados pelo per\u00edodo necess\u00e1rio \u00e0 presta\u00e7\u00e3o dos servi\u00e7os, respectiva factura\u00e7\u00e3o e cumprimento de obriga\u00e7\u00f5es legais;<\/span><\/p><p class=\"p1\"><span class=\"s1\">f) A\u00a0<b>Multi Servi\u00e7os Ramos G.R. Lda<\/b>\u00a0no seu interesse leg\u00edtimo, far\u00e1 tratamento de dados pessoais na medida do que for necess\u00e1rio para a cobran\u00e7a de d\u00edvidas do Cliente\/Alugador, pelo fornecimento do servi\u00e7o, com fundamento na execu\u00e7\u00e3o deste contrato e no interesse leg\u00edtimo em fazer valer o seu direito a essa cobran\u00e7a.<\/span><\/p><p class=\"p1\"><span class=\"s1\">g) A\u00a0<b>Multi Servi\u00e7os Ramos G.R. Lda<\/b>, no seu interesse leg\u00edtimo, far\u00e1 tratamento de dados pessoais recolhidos no \u00e2mbito do presente contrato e durante a vig\u00eancia do mesmo, para comunica\u00e7\u00f5es de campanhas e ac\u00e7\u00f5es de comercializa\u00e7\u00e3o de produtos e servi\u00e7os relacionados com o Cliente\/Alugador. Caso n\u00e3o pretenda receber as referidas comunica\u00e7\u00f5es, o Cliente\/Alugador<\/span>\u00a0<span class=\"s1\">poder\u00e1 recus\u00e1-las de imediato ou usando os meios indicados no n.\u00ba 3, al\u00ednea a).<\/span><\/p><p class=\"p1\"><span class=\"s1\">h) A recolha de dados pessoais atrav\u00e9s do nosso Website, ser\u00e1 sempre autorizada pelo utilizador, ser\u00e1 lhe pedido sempre que preencher os dados pessoais, que autorize numa checkbox a recolha dos mesmos e uma vez autorizado, ser\u00e1 feito de acordo com esta Politica de Privacidade, devendo a sua autoriza\u00e7\u00e3o pressupor que foi lida e entendida essa bem como os Termos e Condi\u00e7\u00f5es do Website.<\/span><\/p><p class=\"p1\"><span class=\"s1\">4- Em qualquer momento, o titular de dados pessoais tem o direito de:<\/span><\/p><p class=\"p1\"><span class=\"s1\">a) Aceder aos mesmos, dentro dos limites do contrato e do RGPD;<\/span><\/p><p class=\"p1\"><span class=\"s1\">b) De os alterar e opor-se ao respectivo tratamento;<\/span><\/p><p class=\"p1\"><span class=\"s1\">c) Decidir sobre o tratamento automatizado dos mesmos;<\/span><\/p><p class=\"p1\"><span class=\"s1\">d) Solicitar a limita\u00e7\u00e3o total ou parcial do tratamento dos seus dados pessoais;<\/span><\/p><p class=\"p1\"><span class=\"s1\">e) Retirar o consentimento;<\/span><\/p><p class=\"p1\"><span class=\"s1\">f) Solicitar que os dados sejam apagados e exercer os demais direitos previstos na legisla\u00e7\u00e3o em vigor (excepto os dados que s\u00e3o indispens\u00e1veis \u00e0 execu\u00e7\u00e3o do contrato, e como tal sejam de fornecimento obrigat\u00f3rio, bem como para cumprimento de obriga\u00e7\u00f5es legais a que a\u00a0<b>Multi Servi\u00e7os Ramos G.R. Lda<\/b>\u00a0esteja sujeita).<\/span><\/p><p class=\"p1\"><span class=\"s1\">5- Caso retire o seu consentimento, tal n\u00e3o compromete a legitimidade do tratamento de dados efetuado at\u00e9 essa data.<\/span><\/p><p class=\"p1\"><span class=\"s1\">6- Nos termos previstos no RGPD, o titular dos dados tem o direito a ser notificado, caso ocorra uma viola\u00e7\u00e3o dos seus dados pessoais suscept\u00edvel de implicar um elevado risco para os direitos e liberdades, podendo apresentar reclama\u00e7\u00f5es perante a(s) autoridade(s).<\/span><\/p><p class=\"p1\"><span class=\"s1\">7- Os dados pessoais podem ser transmitidos a entidades terceiras que prestem servi\u00e7os \u00e0\u00a0<b>Multi Servi\u00e7os Ramos G.R. Lda<\/b>, sempre que tais servi\u00e7os impliquem a comunica\u00e7\u00e3o de dados constantes nos contratos de aluguer<\/span><\/p><p class=\"p1\"><span class=\"s1\">8- O Cliente\/Alugador passa a declarar no momento em que assina o contrato de aluguer que tomou conhecimento das presentes informa\u00e7\u00f5es comunicadas e que d\u00e1 o seu consentimento a que os seus dados pessoais sejam recolhidos pela<b>\u00a0Multi Servi\u00e7os Ramos G.R. Lda<\/b>\u00a0e tratados para cada uma das finalidades aqui referidas.<\/span><\/p>\t\t\t\t\t\t\t\t<\/div>\n\t\t\t\t<\/div>\n\t\t\t\t<div class=\"elementor-element elementor-element-8afad31 elementor-widget elementor-widget-text-editor\" data-id=\"8afad31\" data-element_type=\"widget\" data-widget_type=\"text-editor.default\">\n\t\t\t\t<div class=\"elementor-widget-container\">\n\t\t\t\t\t\t\t\t\t<p><span style=\"color: #ffffff; font-size: 13px; text-align: center; white-space: pre-wrap;\">TRAV. AUGUSTA ASSUN\u00c7\u00c3O A. MACHADO<\/span><span style=\"color: #ffffff; font-size: 13px; text-align: center; white-space: pre-wrap;\">LT4, 8600-329 LAGOS<\/span><\/p>\t\t\t\t\t\t\t\t<\/div>\n\t\t\t\t<\/div>\n\t\t\t\t\t<\/div>\n\t\t<\/div>\n\t\t\t\t<div class=\"elementor-column elementor-col-16 elementor-top-column elementor-element elementor-element-ad80dc2\" data-id=\"ad80dc2\" data-element_type=\"column\">\n\t\t\t<div class=\"elementor-widget-wrap\">\n\t\t\t\t\t\t\t<\/div>\n\t\t<\/div>\n\t\t\t\t\t<\/div>\n\t\t<\/section>\n\t\t\t\t<\/div>","protected":false},"excerpt":{"rendered":"<p>NOVO REGULAMENTO GERAL DE PROTEC\u00c7\u00c3O DE DADOS (RGPD)(Regulamento n.\u00ba 2016\/679 e do Conselho, de 27 de Abril de 2016) Comunica\u00e7\u00e3o aos Clientes Particulares e Clientes Empresariais A aplica\u00e7\u00e3o do Novo Regulamento Geral de Protec\u00e7\u00e3o de Dados que teve in\u00edcio no dia 25 de Abril de 2018, estabelece regras quanto \u00e0 protec\u00e7\u00e3o, tratamento e livre circula\u00e7\u00e3o [&hellip;]<\/p>","protected":false},"author":1,"featured_media":0,"parent":0,"menu_order":0,"comment_status":"closed","ping_status":"closed","template":"","meta":{"_joinchat":[],"footnotes":""},"class_list":["post-3806","page","type-page","status-publish","hentry","wpbf-post"],"_links":{"self":[{"href":"https:\/\/multirental.com.pt\/pt\/wp-json\/wp\/v2\/pages\/3806","targetHints":{"allow":["GET"]}}],"collection":[{"href":"https:\/\/multirental.com.pt\/pt\/wp-json\/wp\/v2\/pages"}],"about":[{"href":"https:\/\/multirental.com.pt\/pt\/wp-json\/wp\/v2\/types\/page"}],"author":[{"embeddable":true,"href":"https:\/\/multirental.com.pt\/pt\/wp-json\/wp\/v2\/users\/1"}],"replies":[{"embeddable":true,"href":"https:\/\/multirental.com.pt\/pt\/wp-json\/wp\/v2\/comments?post=3806"}],"version-history":[{"count":0,"href":"https:\/\/multirental.com.pt\/pt\/wp-json\/wp\/v2\/pages\/3806\/revisions"}],"wp:attachment":[{"href":"https:\/\/multirental.com.pt\/pt\/wp-json\/wp\/v2\/media?parent=3806"}],"curies":[{"name":"wp","href":"https:\/\/api.w.org\/{rel}","templated":true}]}}